{"id":5104,"date":"2025-07-19T13:31:10","date_gmt":"2025-07-19T05:31:10","guid":{"rendered":"http:\/\/xinschool.com\/?page_id=5104"},"modified":"2025-07-21T18:00:17","modified_gmt":"2025-07-21T10:00:17","slug":"services","status":"publish","type":"page","link":"http:\/\/xinschool.com\/de\/services","title":{"rendered":"Dienstleistungen"},"content":{"rendered":"<section class=\"wp-block-themepark-block-themepark-area block_layout thempark-block undefined  top20\" id=\"\" style=\"background-color:#ffffff;padding-top:74px;\" data-swiper-parallax=\"-700\"><div class=\"block_layout_in\" style=\"\">\n<div class=\"wp-block-column block_layout_in\">\n<div class=\"wp-block-themepark-block-themepark-wright content-super-p\" style=\"font-size:18px;line-height:35px;color:#666666;padding:10px 10px;\">\n<div class=\"wp-block-column\"><div class=\"wp-block-image\">\n<figure class=\"aligncenter size-full is-resized\"><img loading=\"lazy\" decoding=\"async\" width=\"1191\" height=\"331\" src=\"http:\/\/xinschool.com\/wp-content\/uploads\/2025\/07\/\u82f1\u6587\u7b80\u7ea6\u6587\u5b57LOGO.png\" alt=\"\" class=\"wp-image-5373\" style=\"width:319px;height:auto\" srcset=\"http:\/\/xinschool.com\/wp-content\/uploads\/2025\/07\/\u82f1\u6587\u7b80\u7ea6\u6587\u5b57LOGO.png 1191w, http:\/\/xinschool.com\/wp-content\/uploads\/2025\/07\/\u82f1\u6587\u7b80\u7ea6\u6587\u5b57LOGO-300x83.png 300w, http:\/\/xinschool.com\/wp-content\/uploads\/2025\/07\/\u82f1\u6587\u7b80\u7ea6\u6587\u5b57LOGO-1024x285.png 1024w, http:\/\/xinschool.com\/wp-content\/uploads\/2025\/07\/\u82f1\u6587\u7b80\u7ea6\u6587\u5b57LOGO-768x213.png 768w\" sizes=\"auto, (max-width: 1191px) 100vw, 1191px\" \/><\/figure>\n<\/div>\n\n\n<h1 class=\"wp-block-heading has-text-align-center has-monte-grey-color has-text-color has-link-color has-medium-font-size wp-elements-c33c1e17e8a665be8cabcd7b04a0fd49\">Unsere Dienstleistungen<\/h1>\n\n\n\n<p class=\"has-text-align-center has-cyan-bluish-gray-color has-text-color has-link-color has-normal-font-size wp-elements-e0697d4049e2da46c70516c7d84d17cf\">Alles, um Ihr Chinesischlernen reibungslos und einfach zu gestalten<\/p>\n\n\n\n<p class=\"has-text-align-center has-monte-grey-color has-text-color has-link-color has-normal-font-size wp-elements-d09174cf63e479f9bb62c6cd17e61a3e\">Wenn Sie sich entscheiden, Chinesisch in China mit Xinschool zu lernen, helfen wir Ihnen gerne bei jedem Schritt Ihrer Lernreise.<\/p>\n\n\n\n<p class=\"has-text-align-center has-monte-grey-color has-text-color has-link-color has-normal-font-size wp-elements-d072da6fd853ea9ae01d47671aac3f1a\">Wir bieten unseren Studenten verschiedene Dienstleistungen an, und unsere Mitarbeiter helfen Ihnen gerne bei allen Problemen, die Sie w\u00e4hrend Ihres Chinesischkurses haben k\u00f6nnten.<\/p>\n\n\n\n<div class=\"wp-block-themepark-block-themepark-xian theme_fang_out\" style=\"text-align:left;padding-top:40px;\"><div class=\"fangbox\" style=\"width:undefinedpx;\"><\/div><\/div>\n<\/div>\n<\/div>\n\n\n\n<section class=\"wp-block-themepark-block-themepark-icon thempark-block themepark_icon_list_out undefined\" id=\"nomo\" style=\"padding-bottom:20px;padding-top:20px;\"><div class=\"themepark_icon_list_in\" style=\"\"><div class=\"themepark_icon_lists iconl3 iconls2\" style=\"\"><a class=\"themepark_icon_box  picmodle\"><div class=\"themepark_icon_box_i\"><div class=\"themepark_icon_box_i_out\"><img decoding=\"async\" src=\"http:\/\/xinschool.com\/wp-content\/uploads\/2025\/07\/Airport-Pick-up-icon.png\" alt=\"Flughafen Pick-up\/Drop-off\" style=\"width:183px;\"\/><\/div><b style=\"font-size:20px;color:#0d0d0d;\">Flughafen Pick-up\/Drop-off<\/b><\/div><div class=\"themepark_icon_box_d\" style=\"font-size:14px;height:106px;\"><span>Wenn Sie zum ersten Mal nach China kommen, um Chinesisch zu lernen, und Angst haben, sich in einer gro\u00dfen Stadt zu verlaufen, helfen wir Ihnen gerne und holen Sie vom Flughafen ab.<\/span><\/div><div class=\"themepark_icon_box_bac\" style=\"background:#f4f4f4;border-radius:25px;\"><\/div><\/a><a class=\"themepark_icon_box  picmodle\"><div class=\"themepark_icon_box_i\"><div class=\"themepark_icon_box_i_out\"><img decoding=\"async\" src=\"http:\/\/xinschool.com\/wp-content\/uploads\/2025\/07\/accommodation-icon.png\" alt=\"Unterkunft\" style=\"width:183px;\"\/><\/div><b style=\"font-size:20px;color:#0d0d0d;\">Unterkunft<\/b><\/div><div class=\"themepark_icon_box_d\" style=\"font-size:14px;height:106px;\"><span>Wir k\u00f6nnen Ihnen helfen, eine tolle Unterkunft f\u00fcr Ihren Besuch in China zu finden. W\u00e4hlen Sie zwischen einer Gastfamilie, einem Partnerhotel oder einem Apartment-Studio. Erfahren Sie mehr \u00fcber unsere Unterkunftsm\u00f6glichkeiten.<\/span><\/div><div class=\"themepark_icon_box_bac\" style=\"background:#f4f4f4;border-radius:25px;\"><\/div><\/a><a class=\"themepark_icon_box  picmodle\"><div class=\"themepark_icon_box_i\"><div class=\"themepark_icon_box_i_out\"><img decoding=\"async\" src=\"http:\/\/xinschool.com\/wp-content\/uploads\/2025\/07\/visa-icon.png\" alt=\"Visa-Unterst\u00fctzung\" style=\"width:183px;\"\/><\/div><b style=\"font-size:20px;color:#0d0d0d;\">Visa-Unterst\u00fctzung<\/b><\/div><div class=\"themepark_icon_box_d\" style=\"font-size:14px;height:106px;\"><span>Wir k\u00f6nnen Ihnen ein Studentenvisum X2 oder ein Touristenvisum besorgen und alle erforderlichen Dokumente vorbereiten. Setzen Sie sich einfach mit uns in Verbindung und wir helfen Ihnen bei der Auswahl der am besten geeigneten Visumart f\u00fcr Ihren Besuch.<\/span><\/div><div class=\"themepark_icon_box_bac\" style=\"background:#f4f4f4;border-radius:25px;\"><\/div><\/a><a class=\"themepark_icon_box  picmodle\"><div class=\"themepark_icon_box_i\"><div class=\"themepark_icon_box_i_out\"><img decoding=\"async\" src=\"http:\/\/xinschool.com\/wp-content\/uploads\/2025\/07\/\u672a\u547d\u540d22-2.png\" alt=\"Lernmaterialien\" style=\"width:183px;\"\/><\/div><b style=\"font-size:20px;color:#0d0d0d;\">Lernmaterialien<\/b><\/div><div class=\"themepark_icon_box_d\" style=\"font-size:14px;height:106px;\"><span>Wir versorgen Sie mit allen Lehrb\u00fcchern und Lernmaterialien, die Sie f\u00fcr Ihren Chinesischunterricht ben\u00f6tigen. Kontaktieren Sie uns, um mehr \u00fcber unsere hauseigenen Materialien zu erfahren.<\/span><\/div><div class=\"themepark_icon_box_bac\" style=\"background:#f4f4f4;border-radius:25px;\"><\/div><\/a><a class=\"themepark_icon_box  picmodle\"><div class=\"themepark_icon_box_i\"><div class=\"themepark_icon_box_i_out\"><img decoding=\"async\" src=\"http:\/\/xinschool.com\/wp-content\/uploads\/2025\/07\/support-icon.png\" alt=\"24\/7 Unterst\u00fctzung\" style=\"width:183px;\"\/><\/div><b style=\"font-size:20px;color:#0d0d0d;\">24\/7 Unterst\u00fctzung<\/b><\/div><div class=\"themepark_icon_box_d\" style=\"font-size:14px;height:106px;\"><span>Unsere Kursberater helfen Ihnen gerne bei allen Fragen. Haben Sie Schwierigkeiten, eine Unterkunft zu finden? Sie wissen nicht, wie Sie die perfekte Sambaschule finden? Wir sind hier, um Ihnen zu helfen, das Beste aus Ihrem Aufenthalt in China zu machen.<\/span><\/div><div class=\"themepark_icon_box_bac\" style=\"background:#f4f4f4;border-radius:25px;\"><\/div><\/a><a class=\"themepark_icon_box  picmodle\"><div class=\"themepark_icon_box_i\"><div class=\"themepark_icon_box_i_out\"><img decoding=\"async\" src=\"http:\/\/xinschool.com\/wp-content\/uploads\/2025\/07\/handbook-icon.png\" alt=\"\u00dcberlebenshandbuch\" style=\"width:183px;\"\/><\/div><b style=\"font-size:20px;color:#0d0d0d;\">\u00dcberlebenshandbuch<\/b><\/div><div class=\"themepark_icon_box_d\" style=\"font-size:14px;height:106px;\"><span>Haben Sie Angst, zum ersten Mal an einen unbekannten Ort zu kommen? Sie wissen nicht, wie Sie Ihr Handy aufladen oder wo Sie einkaufen k\u00f6nnen? Wir haben alles f\u00fcr Sie! Unsere Mitarbeiter versorgen Sie mit einem n\u00fctzlichen Handbuch zum \u00dcberleben in China.<\/span><\/div><div class=\"themepark_icon_box_bac\" style=\"background:#f4f4f4;border-radius:25px;\"><\/div><\/a><\/div><\/div><\/section>\n<\/div>\n<\/div><div class=\"layout_badh\"><\/div><\/section>\n\n\n\n<p><\/p>","protected":false},"excerpt":{"rendered":"","protected":false},"author":1,"featured_media":0,"parent":0,"menu_order":0,"comment_status":"closed","ping_status":"closed","template":"","meta":{"themepark_post_bcolor":"#f5f5f5","themepark_post_width":"100% dong","themepark_post_img":"","themepark_post_img_po":"left","themepark_post_img_re":false,"themepark_post_img_cover":false,"themepark_post_img_fixed":false,"themepark_post_hide_title":true,"themepark_post_main_b":"","themepark_post_main_p":100,"themepark_paddingblock":true,"footnotes":""},"class_list":["post-5104","page","type-page","status-publish","hentry"],"_links":{"self":[{"href":"http:\/\/xinschool.com\/de\/wp-json\/wp\/v2\/pages\/5104","targetHints":{"allow":["GET"]}}],"collection":[{"href":"http:\/\/xinschool.com\/de\/wp-json\/wp\/v2\/pages"}],"about":[{"href":"http:\/\/xinschool.com\/de\/wp-json\/wp\/v2\/types\/page"}],"author":[{"embeddable":true,"href":"http:\/\/xinschool.com\/de\/wp-json\/wp\/v2\/users\/1"}],"replies":[{"embeddable":true,"href":"http:\/\/xinschool.com\/de\/wp-json\/wp\/v2\/comments?post=5104"}],"version-history":[{"count":6,"href":"http:\/\/xinschool.com\/de\/wp-json\/wp\/v2\/pages\/5104\/revisions"}],"predecessor-version":[{"id":5517,"href":"http:\/\/xinschool.com\/de\/wp-json\/wp\/v2\/pages\/5104\/revisions\/5517"}],"wp:attachment":[{"href":"http:\/\/xinschool.com\/de\/wp-json\/wp\/v2\/media?parent=5104"}],"curies":[{"name":"wp","href":"https:\/\/api.w.org\/{rel}","templated":true}]}}