{"id":8,"date":"2021-05-06T13:46:38","date_gmt":"2021-05-06T05:46:38","guid":{"rendered":"http:\/\/themetest3.local\/?page_id=8"},"modified":"2025-07-21T17:54:48","modified_gmt":"2025-07-21T09:54:48","slug":"contact-2","status":"publish","type":"page","link":"http:\/\/xinschool.com\/de\/contact-2","title":{"rendered":"Kontakt"},"content":{"rendered":"<section class=\"wp-block-themepark-block-themepark-area block_layout thempark-block undefined\" id=\"\" style=\"background-color:#ffffff;padding-top:34px;\" data-swiper-parallax=\"-700\"><div class=\"block_layout_in\" style=\"\">\n<div class=\"wp-block-column block_layout_in\">\n<div class=\"wp-block-columns\">\n<div class=\"wp-block-column\" style=\"flex-basis:33.33%\">\n<div class=\"wp-block-themepark-block-themepark-xian theme_fang_out  top10\" style=\"text-align:left;padding-top:82px;\"><div class=\"fangbox\" style=\"width:undefinedpx;\"><\/div><\/div>\n\n\n<div class=\"wp-block-image\">\n<figure class=\"aligncenter size-full\"><img loading=\"lazy\" decoding=\"async\" width=\"1191\" height=\"331\" src=\"http:\/\/xinschool.com\/wp-content\/uploads\/2025\/07\/\u82f1\u6587\u7b80\u7ea6\u6587\u5b57LOGO.png\" alt=\"\" class=\"wp-image-5373\" srcset=\"http:\/\/xinschool.com\/wp-content\/uploads\/2025\/07\/\u82f1\u6587\u7b80\u7ea6\u6587\u5b57LOGO.png 1191w, http:\/\/xinschool.com\/wp-content\/uploads\/2025\/07\/\u82f1\u6587\u7b80\u7ea6\u6587\u5b57LOGO-300x83.png 300w, http:\/\/xinschool.com\/wp-content\/uploads\/2025\/07\/\u82f1\u6587\u7b80\u7ea6\u6587\u5b57LOGO-1024x285.png 1024w, http:\/\/xinschool.com\/wp-content\/uploads\/2025\/07\/\u82f1\u6587\u7b80\u7ea6\u6587\u5b57LOGO-768x213.png 768w\" sizes=\"auto, (max-width: 1191px) 100vw, 1191px\" \/><\/figure>\n<\/div>\n\n\n<h1 class=\"wp-block-heading has-text-align-center has-medium-font-size\">Kontakt<\/h1>\n\n\n\n<p class=\"has-text-align-center has-normal-font-size\">Bitte f\u00fcllen Sie dieses Formular aus und wir werden uns innerhalb von 24 Stunden mit Ihnen in Verbindung setzen.<\/p>\n\n\n<div class=\"wp-block-image\">\n<figure class=\"aligncenter size-full\"><img loading=\"lazy\" decoding=\"async\" width=\"1000\" height=\"656\" src=\"http:\/\/xinschool.com\/wp-content\/uploads\/2025\/07\/\u751f\u6210\u76f8\u5173\u56fe\u7247.jpg\" alt=\"\" class=\"wp-image-5511\" srcset=\"http:\/\/xinschool.com\/wp-content\/uploads\/2025\/07\/\u751f\u6210\u76f8\u5173\u56fe\u7247.jpg 1000w, http:\/\/xinschool.com\/wp-content\/uploads\/2025\/07\/\u751f\u6210\u76f8\u5173\u56fe\u7247-300x197.jpg 300w, http:\/\/xinschool.com\/wp-content\/uploads\/2025\/07\/\u751f\u6210\u76f8\u5173\u56fe\u7247-768x504.jpg 768w\" sizes=\"auto, (max-width: 1000px) 100vw, 1000px\" \/><\/figure>\n<\/div><\/div>\n\n\n\n<div class=\"wp-block-column\" style=\"flex-basis:66.66%\">\n<div class=\"wp-block-themepark-block-themepark-comment thempark-block themepark-comment undefined\" style=\"padding-bottom:20px;padding-top:20px;\"><div class=\"themepark-comment_in\" id=\"ud_form\"><div class=\"themepark-comment_inb2\"><div class=\"themepark-comment_inb\" style=\"\"><div class=\"themepark-comment_form\" style=\"\"><form id=\"commentform-park\" class=\"themepark-c-f\" action=\"http:\/\/xinschool.com\/wp-comments-post.php\" method=\"post\" autocomplete=\"off\" data-trp-original-action=\"http:\/\/xinschool.com\/wp-comments-post.php\"><div class=\"themepark-comment_form_box tptext texttop\" style=\"font-size:16px;\"><lable for=\"tpcommet0\" class=\"required\"><span class=\"labletext\" style=\"\">Vollst\u00e4ndiger Name<span class=\"required\">*<div class=\"required_tishi animated\"><i class=\"fas fa-exclamation-circle\"><\/i><span><\/span><\/div><\/span><\/span><input type=\"text\" id=\"tpcommet0\" name=\"tpcommet0\" size=\"28\" required style=\"color:#666666;border: solid 1px #66666638;\" placeholder=\"\"\/><\/lable><\/div><div class=\"themepark-comment_form_box tptext mail-c texttop\" style=\"font-size:16px;\"><lable for=\"tpcommet1\" class=\"required\"><span class=\"labletext\" style=\"\">E-Mail<span class=\"required\">*<div class=\"required_tishi animated\"><i class=\"fas fa-exclamation-circle\"><\/i><span><\/span><\/div><\/span><\/span><input type=\"text\" class=\"f-email\" id=\"tpcommet1\" name=\"tpcommet1\" size=\"28\" required style=\"color:#666666;border: solid 1px #66666638;\" placeholder=\"\"\/><\/lable><\/div><div class=\"themepark-comment_form_box tptext texttop\" style=\"font-size:16px;\"><lable for=\"tpcommet2\" class=\"\"><span class=\"labletext\" style=\"\">Telefon\/WhatsApp\/WeChat<\/span><input type=\"text\" id=\"tpcommet2\" name=\"tpcommet2\" size=\"28\" style=\"color:#666666;border: solid 1px #66666638;\" placeholder=\"\"\/><\/lable><\/div><div class=\"themepark-comment_form_box tprideo texttop\" style=\"font-size:16px;\"><lable for=\"tpcommet3\" class=\"rideos\"><span class=\"labletext\" style=\"\">Stadt W\u00e4hlen Sie den Kursort<\/span><lable class=\"rideo\" for=\"tpcommet30\" style=\"color:#666666;border: solid 1px #66666638;\"><input autocomplete=\"off\" type=\"radio\" name=\"tpcommet3\" id=\"tpcommet30\" value=\"Changchun\"\/><span class=\"active\"><i class=\"fas fa-caret-right\"><\/i><\/span>Changchun<\/lable><lable class=\"rideo\" for=\"tpcommet31\" style=\"color:#666666;border: solid 1px #66666638;\"><input autocomplete=\"off\" type=\"radio\" name=\"tpcommet3\" id=\"tpcommet31\" value=\"Online\"\/><span class=\"active\"><i class=\"fas fa-caret-right\"><\/i><\/span>Online<\/lable><lable class=\"rideo\" for=\"tpcommet32\" style=\"color:#666666;border: solid 1px #66666638;\"><input autocomplete=\"off\" type=\"radio\" name=\"tpcommet3\" id=\"tpcommet32\" value=\"Other City\"\/><span class=\"active\"><i class=\"fas fa-caret-right\"><\/i><\/span>Andere Stadt<\/lable><\/lable><\/div><div class=\"themepark-comment_form_box tpcheckbox texttop\" style=\"font-size:16px;\"><lable for=\"tpcommet4\" class=\"checkboxs required\"><span class=\"labletext\" style=\"\">Kurs W\u00e4hlen Sie Ihr Programm<span class=\"required\">*<div class=\"required_tishi animated\"><i class=\"fas fa-exclamation-circle\"><\/i><span><\/span><\/div><\/span><\/span><lable autocomplete=\"off\" class=\"rideo\" for=\"tpcommet40\" style=\"color:#666666;border: solid 1px #66666638;\"><input type=\"checkbox\" name=\"tpcommet4[]\" id=\"tpcommet40\" value=\"Group Intensive5 days a week 4 classes a day\"\/><span class=\"active\"><i class=\"fas fa-caret-right\"><\/i><\/span>Gruppe Intensiv5 Tage pro Woche 4 Klassen pro Tag<\/lable><lable autocomplete=\"off\" class=\"rideo\" for=\"tpcommet41\" style=\"color:#666666;border: solid 1px #66666638;\"><input type=\"checkbox\" name=\"tpcommet4[]\" id=\"tpcommet41\" value=\"Group Part-time2 days a week 2 classes a day\"\/><span class=\"active\"><i class=\"fas fa-caret-right\"><\/i><\/span>Gruppe Teilzeit2 Tage pro Woche 2 Klassen pro Tag<\/lable><lable autocomplete=\"off\" class=\"rideo\" for=\"tpcommet42\" style=\"color:#666666;border: solid 1px #66666638;\"><input type=\"checkbox\" name=\"tpcommet4[]\" id=\"tpcommet42\" value=\"PrivateFlexible schedule Private or private group\"\/><span class=\"active\"><i class=\"fas fa-caret-right\"><\/i><\/span>PrivatFlexibler Zeitplan Privat oder private Gruppe<\/lable><lable autocomplete=\"off\" class=\"rideo\" for=\"tpcommet43\" style=\"color:#666666;border: solid 1px #66666638;\"><input type=\"checkbox\" name=\"tpcommet4[]\" id=\"tpcommet43\" value=\"CorporatePrivate &amp; group options Customized content \"\/><span class=\"active\"><i class=\"fas fa-caret-right\"><\/i><\/span>UnternehmenPrivat- und Gruppenoptionen Ma\u00dfgeschneiderte Inhalte <\/lable><lable autocomplete=\"off\" class=\"rideo\" for=\"tpcommet44\" style=\"color:#666666;border: solid 1px #66666638;\"><input type=\"checkbox\" name=\"tpcommet4[]\" id=\"tpcommet44\" value=\"CampSummer &amp; Winter Camp For kids &amp; teens\"\/><span class=\"active\"><i class=\"fas fa-caret-right\"><\/i><\/span>CampSommer &amp; Winter Camp f\u00fcr Kinder &amp; Jugendliche<\/lable><lable autocomplete=\"off\" class=\"rideo\" for=\"tpcommet45\" style=\"color:#666666;border: solid 1px #66666638;\"><input type=\"checkbox\" name=\"tpcommet4[]\" id=\"tpcommet45\" value=\"OtherOther program, question or inquiry\"\/><span class=\"active\"><i class=\"fas fa-caret-right\"><\/i><\/span>SonstigesAnderes Programm, Frage oder Anfrage<\/lable><\/lable><\/div><div class=\"themepark-comment_form_box tptext texttop\" style=\"font-size:16px;\"><lable for=\"tpcommet5\" class=\"\"><span class=\"labletext\" style=\"\">Nationalit\u00e4t<\/span><input type=\"text\" id=\"tpcommet5\" name=\"tpcommet5\" size=\"28\" style=\"color:#666666;border: solid 1px #66666638;\" placeholder=\"\"\/><\/lable><\/div><div class=\"themepark-comment_form_box tpTextarea texttop\" style=\"font-size:16px;\"><lable for=\"tpcommet6\"><span class=\"labletext\" style=\"\">Nachricht<\/span><textarea id=\"tpcommet6\" name=\"tpcommet6\" style=\"color:#666666;border: solid 1px #66666638;\" placeholder=\"\"><\/textarea><\/lable><\/div><div class=\"hiddeninput\"><input name=\"comment_post_ID\" type=\"hidden\" value=\"8\"\/><input name=\"author\" type=\"hidden\" class=\"author\"\/><input name=\"email\" type=\"hidden\" class=\"email\"\/><textarea name=\"comment\" style=\"display:none\" class=\"comment\"><\/textarea><input name=\"themeparklable\" type=\"hidden\" value=\"Full Name|Email|Phone\/WhatsApp\/WeChat|City Choose the course location|Course Choose your program|Nationality|Message\"\/><input name=\"themeparktype\" type=\"hidden\" value=\"text|text2|text|rideo|checkbox|text|Textarea\"\/><input name=\"redirect_to\" type=\"hidden\" value=\"http:\/\/xinschool.com\"\/><input name=\"inquiryid\" type=\"hidden\"\/><input name=\"inquirytime\" type=\"hidden\"\/><input name=\"position\" type=\"hidden\"\/><\/div><div class=\"submut_box texttop\"><span class=\"labletext\"><\/span><input type=\"submit\" class=\"submut_btn\" name=\"submit\" style=\"background:#e5bc4b;\" value=\"Bewerbung\"\/><div class=\"tishi\" style=\"\"><div class=\"loading\" style=\"color:#666666;\"><i class=\"fas fa-spinner\"><\/i>\u6b63\u5728\u63d0\u4ea4\uff01<\/div><div class=\"success\" style=\"color:#666666;\"><i class=\"fas fa-check\"><\/i>\u63d0\u4ea4\u6210\u529f\uff01<\/div><div class=\"erro\" style=\"color:#666666;\"><i class=\"fas fa-exclamation-circle\"><\/i>\u63d0\u4ea4\u5931\u8d25\uff01<\/div><div class=\"e-email\">\u90ae\u7bb1\u9519\u8bef\uff01<\/div><div class=\"e-tel\">\u7535\u8bdd\u9519\u8bef\uff01<\/div><\/div><\/div><input type=\"hidden\" name=\"trp-form-language\" value=\"de\"\/><\/form><\/div><div class=\"wp_clear\"><\/div><\/div><div class=\"themepark-comment_in_b\" style=\"opacity:1;undefined0\"><\/div><\/div><\/div><div class=\"wp_clear\"><\/div><\/div>\n<\/div>\n<\/div>\n<\/div>\n<\/div><div class=\"layout_badh\"><\/div><\/section>\n\n\n\n<section class=\"wp-block-themepark-block-themepark-area block_layout thempark-block undefined\" id=\"\" style=\"background-color:#ffffff;\" data-swiper-parallax=\"-700\"><div class=\"block_layout_in\" style=\"\">\n<div class=\"wp-block-column block_layout_in\">\n<p class=\"has-medium-font-size\"><strong>Partner &amp; Eins\u00e4tze<\/strong><\/p>\n\n\n\n<p class=\"has-normal-font-size\">PARTNERSCHAFTSM\u00d6GLICHKEITEN<\/p>\n\n\n\n<p><\/p>\n\n\n\n<p><\/p>\n\n\n\n<div class=\"wp-block-themepark-block-themepark-tab thempark-block thempark_tab_box undefined\" style=\"margin-bottom:20px;\" bloop=\"no\" auto=\"no\" mouse=\"click\"><div class=\"content_tab_title\" style=\"\"><div class=\"fidxtab\" style=\"\"><div class=\"btn active\" style=\"\"><span class=\"tabtt\" style=\"\"><i class=\"fas fa fa-\" style=\"\"><\/i>Partnerschaften<\/span><\/div><div class=\"btn\" style=\"\"><span class=\"tabtt\" style=\"\"><i class=\"fas fa fa-\" style=\"\"><\/i>Blog &amp; Artikel<\/span><\/div><div class=\"btn\" style=\"\"><span class=\"tabtt\" style=\"\"><i class=\"fas fa fa-\" style=\"\"><\/i>Backlinks<\/span><\/div><\/div><\/div><div class=\"swiper-container content_tab_swiper\" style=\"\"><div class=\"swiper-wrapper\">\n<div class=\"wp-block-column ecdorbox0 swiper-slide tap_s-box active\">\n<section class=\"wp-block-themepark-block-themepark-imgtext thempark-block themepark_imgtext undefined\" style=\"\"><div class=\"themepark_imgtext_img\" style=\"width:16%;\" data-swiper-parallax=\"-1800\"><img class=\"lazyload  swiper-lazy swiper-move-lazy\" style=\"\" data-src=\"http:\/\/xinschool.com\/wp-content\/uploads\/2025\/07\/\u672a\u547d\u540d22.png\" alt=\"\"\/><\/div><div class=\"themepark_imgtext_text\" style=\"width:81%;\" data-swiper-parallax=\"-1600\">\n<div class=\"wp-block-column\">\n<div class=\"wp-block-themepark-block-themepark-wright content-super-p\" style=\"font-size:16px;line-height:32px;padding:10px 10px;\">\n<div class=\"wp-block-column\">\n<p>Wir haben im Laufe der Jahre mit vielen Unternehmen zusammengearbeitet, um die chinesische Sprache zu f\u00f6rdern.<\/p>\n\n\n\n<p>Wenn Sie Fragen zu Medien, Partnerschaften und Marketing haben, wenden Sie sich bitte an uns:<\/p>\n\n\n\n<p>(+86) 0431 8193 8896 | <a href=\"mailTo:marketing@thatsmandarin.com\">kiven@xinedu.cc<\/a><\/p>\n<\/div>\n<\/div>\n<\/div>\n<\/div><div class=\"themepark_imgtext_ba\" style=\"opacity:1;\"><\/div><\/section>\n<\/div>\n\n\n\n<div class=\"wp-block-column ecdorbox1 swiper-slide tap_s-box\">\n<section class=\"wp-block-themepark-block-themepark-imgtext thempark-block themepark_imgtext undefined\" style=\"\"><div class=\"themepark_imgtext_img\" style=\"width:16%;\" data-swiper-parallax=\"-1800\"><img class=\"lazyload  swiper-lazy swiper-move-lazy\" style=\"\" data-src=\"http:\/\/xinschool.com\/wp-content\/uploads\/2025\/07\/\u672a\u547d\u540d22-2.png\" alt=\"\"\/><\/div><div class=\"themepark_imgtext_text\" style=\"width:81%;\" data-swiper-parallax=\"-1600\">\n<div class=\"wp-block-column\">\n<div class=\"wp-block-themepark-block-themepark-wright content-super-p\" style=\"font-size:16px;line-height:32px;padding:10px 10px;\">\n<div class=\"wp-block-column\">\n<p>Wir freuen uns, wenn Sie f\u00fcr unseren Blog \u00fcber Themen im Zusammenhang mit China, der chinesischen Sprache und Kultur schreiben. Im Gegenzug bieten wir unseren Studenten kostenlosen Unterricht und unseren Partnern einen Linkaustausch. F\u00fcr Details, kontaktieren Sie uns unter <a href=\"mailTo:marketing@thatsmandarin.com\">candy@xinedu.cc<\/a><\/p>\n\n\n\n<p>(+86) 0431 8193 8896 | <a href=\"mailTo:marketing@thatsmandarin.com\">candy@xinedu.cc<\/a><\/p>\n<\/div>\n<\/div>\n<\/div>\n<\/div><div class=\"themepark_imgtext_ba\" style=\"opacity:1;\"><\/div><\/section>\n<\/div>\n\n\n\n<div class=\"wp-block-column ecdorbox2 swiper-slide tap_s-box\">\n<section class=\"wp-block-themepark-block-themepark-imgtext thempark-block themepark_imgtext undefined\" style=\"\"><div class=\"themepark_imgtext_img\" style=\"width:16%;\" data-swiper-parallax=\"-1800\"><img class=\"lazyload  swiper-lazy swiper-move-lazy\" style=\"\" data-src=\"http:\/\/xinschool.com\/wp-content\/uploads\/2025\/07\/\u6444\u56fe\u7f51_400209217_\u7535\u8111\u4ec5\u4ea4\u6d41\u5b66\u4e60\u4f7f\u7528-2.png\" alt=\"\"\/><\/div><div class=\"themepark_imgtext_text\" style=\"width:81%;\" data-swiper-parallax=\"-1600\">\n<div class=\"wp-block-column\">\n<div class=\"wp-block-themepark-block-themepark-wright content-super-p\" style=\"font-size:16px;line-height:32px;padding:10px 10px;\">\n<div class=\"wp-block-column\">\n<p>Wir begr\u00fc\u00dfen auch Online-Partner, die mit uns Links austauschen m\u00f6chten. Wenn Ihre Website mit dem Erlernen der chinesischen Sprache, dem Erlernen von Fremdsprachen oder dem chinesischen Lebensstil und der chinesischen Kultur zu tun hat, w\u00fcrden wir uns freuen, mit Ihnen zusammenzuarbeiten und Links mit Ihrer Gesch\u00e4ftswebsite auszutauschen. Befolgen Sie dazu diese einfachen Schritte und kontaktieren Sie uns dann unter kiven@xinedu.cc<\/p>\n\n\n\n<p>(+86) 0431 8193 8896 | <a href=\"mailTo:marketing@thatsmandarin.com\">kiven@xinedu.cc<\/a><\/p>\n<\/div>\n<\/div>\n<\/div>\n<\/div><div class=\"themepark_imgtext_ba\" style=\"opacity:1;\"><\/div><\/section>\n<\/div>\n<\/div><\/div><div class=\"tabbottomb\"><\/div><\/div>\n<\/div>\n<\/div><div class=\"layout_badh\"><\/div><\/section>\n\n\n\n<p><\/p>","protected":false},"excerpt":{"rendered":"","protected":false},"author":1,"featured_media":0,"parent":0,"menu_order":0,"comment_status":"open","ping_status":"closed","template":"","meta":{"themepark_post_bcolor":"#f5f5f5","themepark_post_width":"100% dong","themepark_post_img":"","themepark_post_img_po":"left","themepark_post_img_re":false,"themepark_post_img_cover":false,"themepark_post_img_fixed":false,"themepark_post_hide_title":true,"themepark_post_main_b":"","themepark_post_main_p":100,"themepark_paddingblock":true,"footnotes":""},"class_list":["post-8","page","type-page","status-publish","hentry"],"_links":{"self":[{"href":"http:\/\/xinschool.com\/de\/wp-json\/wp\/v2\/pages\/8","targetHints":{"allow":["GET"]}}],"collection":[{"href":"http:\/\/xinschool.com\/de\/wp-json\/wp\/v2\/pages"}],"about":[{"href":"http:\/\/xinschool.com\/de\/wp-json\/wp\/v2\/types\/page"}],"author":[{"embeddable":true,"href":"http:\/\/xinschool.com\/de\/wp-json\/wp\/v2\/users\/1"}],"replies":[{"embeddable":true,"href":"http:\/\/xinschool.com\/de\/wp-json\/wp\/v2\/comments?post=8"}],"version-history":[{"count":8,"href":"http:\/\/xinschool.com\/de\/wp-json\/wp\/v2\/pages\/8\/revisions"}],"predecessor-version":[{"id":5515,"href":"http:\/\/xinschool.com\/de\/wp-json\/wp\/v2\/pages\/8\/revisions\/5515"}],"wp:attachment":[{"href":"http:\/\/xinschool.com\/de\/wp-json\/wp\/v2\/media?parent=8"}],"curies":[{"name":"wp","href":"https:\/\/api.w.org\/{rel}","templated":true}]}}