{"id":5104,"date":"2025-07-19T13:31:10","date_gmt":"2025-07-19T05:31:10","guid":{"rendered":"http:\/\/xinschool.com\/?page_id=5104"},"modified":"2025-07-21T18:00:17","modified_gmt":"2025-07-21T10:00:17","slug":"services","status":"publish","type":"page","link":"http:\/\/xinschool.com\/es\/services","title":{"rendered":"Servicios"},"content":{"rendered":"<section class=\"wp-block-themepark-block-themepark-area block_layout thempark-block undefined  top20\" id=\"\" style=\"background-color:#ffffff;padding-top:74px;\" data-swiper-parallax=\"-700\"><div class=\"block_layout_in\" style=\"\">\n<div class=\"wp-block-column block_layout_in\">\n<div class=\"wp-block-themepark-block-themepark-wright content-super-p\" style=\"font-size:18px;line-height:35px;color:#666666;padding:10px 10px;\">\n<div class=\"wp-block-column\"><div class=\"wp-block-image\">\n<figure class=\"aligncenter size-full is-resized\"><img loading=\"lazy\" decoding=\"async\" width=\"1191\" height=\"331\" src=\"http:\/\/xinschool.com\/wp-content\/uploads\/2025\/07\/\u82f1\u6587\u7b80\u7ea6\u6587\u5b57LOGO.png\" alt=\"\" class=\"wp-image-5373\" style=\"width:319px;height:auto\" srcset=\"http:\/\/xinschool.com\/wp-content\/uploads\/2025\/07\/\u82f1\u6587\u7b80\u7ea6\u6587\u5b57LOGO.png 1191w, http:\/\/xinschool.com\/wp-content\/uploads\/2025\/07\/\u82f1\u6587\u7b80\u7ea6\u6587\u5b57LOGO-300x83.png 300w, http:\/\/xinschool.com\/wp-content\/uploads\/2025\/07\/\u82f1\u6587\u7b80\u7ea6\u6587\u5b57LOGO-1024x285.png 1024w, http:\/\/xinschool.com\/wp-content\/uploads\/2025\/07\/\u82f1\u6587\u7b80\u7ea6\u6587\u5b57LOGO-768x213.png 768w\" sizes=\"auto, (max-width: 1191px) 100vw, 1191px\" \/><\/figure>\n<\/div>\n\n\n<h1 class=\"wp-block-heading has-text-align-center has-monte-grey-color has-text-color has-link-color has-medium-font-size wp-elements-c33c1e17e8a665be8cabcd7b04a0fd49\">Nuestros servicios<\/h1>\n\n\n\n<p class=\"has-text-align-center has-cyan-bluish-gray-color has-text-color has-link-color has-normal-font-size wp-elements-e0697d4049e2da46c70516c7d84d17cf\">Todo para que aprender chino sea f\u00e1cil y sencillo<\/p>\n\n\n\n<p class=\"has-text-align-center has-monte-grey-color has-text-color has-link-color has-normal-font-size wp-elements-d09174cf63e479f9bb62c6cd17e61a3e\">Si decides aprender chino en China con Xinschool, estaremos encantados de ayudarte en cualquier paso de tu viaje de aprendizaje.<\/p>\n\n\n\n<p class=\"has-text-align-center has-monte-grey-color has-text-color has-link-color has-normal-font-size wp-elements-d072da6fd853ea9ae01d47671aac3f1a\">Proporcionamos diferentes servicios a nuestros estudiantes y nuestro personal est\u00e1 deseando ayudarte con cualquier cosa que se te resista durante tus cursos de chino.<\/p>\n\n\n\n<div class=\"wp-block-themepark-block-themepark-xian theme_fang_out\" style=\"text-align:left;padding-top:40px;\"><div class=\"fangbox\" style=\"width:undefinedpx;\"><\/div><\/div>\n<\/div>\n<\/div>\n\n\n\n<section class=\"wp-block-themepark-block-themepark-icon thempark-block themepark_icon_list_out undefined\" id=\"nomo\" style=\"padding-bottom:20px;padding-top:20px;\"><div class=\"themepark_icon_list_in\" style=\"\"><div class=\"themepark_icon_lists iconl3 iconls2\" style=\"\"><a class=\"themepark_icon_box  picmodle\"><div class=\"themepark_icon_box_i\"><div class=\"themepark_icon_box_i_out\"><img decoding=\"async\" src=\"http:\/\/xinschool.com\/wp-content\/uploads\/2025\/07\/Airport-Pick-up-icon.png\" alt=\"Recogida en el aeropuerto\" style=\"width:183px;\"\/><\/div><b style=\"font-size:20px;color:#0d0d0d;\">Recogida en el aeropuerto<\/b><\/div><div class=\"themepark_icon_box_d\" style=\"font-size:14px;height:106px;\"><span>Si vienes a China a aprender chino por primera vez y te preocupa perderte en una gran ciudad, estaremos encantados de ayudarte y recogerte en el aeropuerto.<\/span><\/div><div class=\"themepark_icon_box_bac\" style=\"background:#f4f4f4;border-radius:25px;\"><\/div><\/a><a class=\"themepark_icon_box  picmodle\"><div class=\"themepark_icon_box_i\"><div class=\"themepark_icon_box_i_out\"><img decoding=\"async\" src=\"http:\/\/xinschool.com\/wp-content\/uploads\/2025\/07\/accommodation-icon.png\" alt=\"Alojamiento\" style=\"width:183px;\"\/><\/div><b style=\"font-size:20px;color:#0d0d0d;\">Alojamiento<\/b><\/div><div class=\"themepark_icon_box_d\" style=\"font-size:14px;height:106px;\"><span>Podemos ayudarle a encontrar un buen lugar donde alojarse durante su visita a China. Elija entre una estancia en familia, un hotel asociado o un apartamento-estudio. M\u00e1s informaci\u00f3n sobre nuestras opciones de alojamiento.<\/span><\/div><div class=\"themepark_icon_box_bac\" style=\"background:#f4f4f4;border-radius:25px;\"><\/div><\/a><a class=\"themepark_icon_box  picmodle\"><div class=\"themepark_icon_box_i\"><div class=\"themepark_icon_box_i_out\"><img decoding=\"async\" src=\"http:\/\/xinschool.com\/wp-content\/uploads\/2025\/07\/visa-icon.png\" alt=\"Apoyo para visados\" style=\"width:183px;\"\/><\/div><b style=\"font-size:20px;color:#0d0d0d;\">Apoyo para visados<\/b><\/div><div class=\"themepark_icon_box_d\" style=\"font-size:14px;height:106px;\"><span>Podemos proporcionarle un visado de estudiante X2 o de turista y preparar todos los documentos necesarios. Solo tienes que ponerte en contacto con nosotros y te ayudaremos a elegir el tipo de visado m\u00e1s adecuado para tu visita.<\/span><\/div><div class=\"themepark_icon_box_bac\" style=\"background:#f4f4f4;border-radius:25px;\"><\/div><\/a><a class=\"themepark_icon_box  picmodle\"><div class=\"themepark_icon_box_i\"><div class=\"themepark_icon_box_i_out\"><img decoding=\"async\" src=\"http:\/\/xinschool.com\/wp-content\/uploads\/2025\/07\/\u672a\u547d\u540d22-2.png\" alt=\"Material did\u00e1ctico\" style=\"width:183px;\"\/><\/div><b style=\"font-size:20px;color:#0d0d0d;\">Material did\u00e1ctico<\/b><\/div><div class=\"themepark_icon_box_d\" style=\"font-size:14px;height:106px;\"><span>Podemos proporcionarle todos los libros de texto y materiales did\u00e1cticos necesarios para sus clases de chino. P\u00f3ngase en contacto con nosotros para obtener m\u00e1s informaci\u00f3n sobre nuestros materiales internos.<\/span><\/div><div class=\"themepark_icon_box_bac\" style=\"background:#f4f4f4;border-radius:25px;\"><\/div><\/a><a class=\"themepark_icon_box  picmodle\"><div class=\"themepark_icon_box_i\"><div class=\"themepark_icon_box_i_out\"><img decoding=\"async\" src=\"http:\/\/xinschool.com\/wp-content\/uploads\/2025\/07\/support-icon.png\" alt=\"Asistencia 24\/7\" style=\"width:183px;\"\/><\/div><b style=\"font-size:20px;color:#0d0d0d;\">Asistencia 24\/7<\/b><\/div><div class=\"themepark_icon_box_d\" style=\"font-size:14px;height:106px;\"><span>Nuestros asesores de cursos estar\u00e1n encantados de ayudarle con cualquier duda que tenga. \u00bfLe cuesta encontrar alojamiento? \u00bfNo sabe c\u00f3mo encontrar la escuela de samba perfecta? Estamos aqu\u00ed para ayudarle a aprovechar al m\u00e1ximo su estancia en China.<\/span><\/div><div class=\"themepark_icon_box_bac\" style=\"background:#f4f4f4;border-radius:25px;\"><\/div><\/a><a class=\"themepark_icon_box  picmodle\"><div class=\"themepark_icon_box_i\"><div class=\"themepark_icon_box_i_out\"><img decoding=\"async\" src=\"http:\/\/xinschool.com\/wp-content\/uploads\/2025\/07\/handbook-icon.png\" alt=\"Manual de supervivencia\" style=\"width:183px;\"\/><\/div><b style=\"font-size:20px;color:#0d0d0d;\">Manual de supervivencia<\/b><\/div><div class=\"themepark_icon_box_d\" style=\"font-size:14px;height:106px;\"><span>\u00bfTienes miedo de llegar a un lugar desconocido por primera vez? \u00bfNo sabe c\u00f3mo recargar el m\u00f3vil o d\u00f3nde ir de compras? Nosotros te ayudamos. Nuestro personal le proporcionar\u00e1 un \u00fatil manual sobre c\u00f3mo sobrevivir en China.<\/span><\/div><div class=\"themepark_icon_box_bac\" style=\"background:#f4f4f4;border-radius:25px;\"><\/div><\/a><\/div><\/div><\/section>\n<\/div>\n<\/div><div class=\"layout_badh\"><\/div><\/section>\n\n\n\n<p><\/p>","protected":false},"excerpt":{"rendered":"","protected":false},"author":1,"featured_media":0,"parent":0,"menu_order":0,"comment_status":"closed","ping_status":"closed","template":"","meta":{"themepark_post_bcolor":"#f5f5f5","themepark_post_width":"100% dong","themepark_post_img":"","themepark_post_img_po":"left","themepark_post_img_re":false,"themepark_post_img_cover":false,"themepark_post_img_fixed":false,"themepark_post_hide_title":true,"themepark_post_main_b":"","themepark_post_main_p":100,"themepark_paddingblock":true,"footnotes":""},"class_list":["post-5104","page","type-page","status-publish","hentry"],"_links":{"self":[{"href":"http:\/\/xinschool.com\/es\/wp-json\/wp\/v2\/pages\/5104","targetHints":{"allow":["GET"]}}],"collection":[{"href":"http:\/\/xinschool.com\/es\/wp-json\/wp\/v2\/pages"}],"about":[{"href":"http:\/\/xinschool.com\/es\/wp-json\/wp\/v2\/types\/page"}],"author":[{"embeddable":true,"href":"http:\/\/xinschool.com\/es\/wp-json\/wp\/v2\/users\/1"}],"replies":[{"embeddable":true,"href":"http:\/\/xinschool.com\/es\/wp-json\/wp\/v2\/comments?post=5104"}],"version-history":[{"count":6,"href":"http:\/\/xinschool.com\/es\/wp-json\/wp\/v2\/pages\/5104\/revisions"}],"predecessor-version":[{"id":5517,"href":"http:\/\/xinschool.com\/es\/wp-json\/wp\/v2\/pages\/5104\/revisions\/5517"}],"wp:attachment":[{"href":"http:\/\/xinschool.com\/es\/wp-json\/wp\/v2\/media?parent=5104"}],"curies":[{"name":"wp","href":"https:\/\/api.w.org\/{rel}","templated":true}]}}