{"id":8,"date":"2021-05-06T13:46:38","date_gmt":"2021-05-06T05:46:38","guid":{"rendered":"http:\/\/themetest3.local\/?page_id=8"},"modified":"2025-07-21T17:54:48","modified_gmt":"2025-07-21T09:54:48","slug":"contact-2","status":"publish","type":"page","link":"http:\/\/xinschool.com\/es\/contact-2","title":{"rendered":"P\u00f3ngase en contacto con"},"content":{"rendered":"<section class=\"wp-block-themepark-block-themepark-area block_layout thempark-block undefined\" id=\"\" style=\"background-color:#ffffff;padding-top:34px;\" data-swiper-parallax=\"-700\"><div class=\"block_layout_in\" style=\"\">\n<div class=\"wp-block-column block_layout_in\">\n<div class=\"wp-block-columns\">\n<div class=\"wp-block-column\" style=\"flex-basis:33.33%\">\n<div class=\"wp-block-themepark-block-themepark-xian theme_fang_out  top10\" style=\"text-align:left;padding-top:82px;\"><div class=\"fangbox\" style=\"width:undefinedpx;\"><\/div><\/div>\n\n\n<div class=\"wp-block-image\">\n<figure class=\"aligncenter size-full\"><img loading=\"lazy\" decoding=\"async\" width=\"1191\" height=\"331\" src=\"http:\/\/xinschool.com\/wp-content\/uploads\/2025\/07\/\u82f1\u6587\u7b80\u7ea6\u6587\u5b57LOGO.png\" alt=\"\" class=\"wp-image-5373\" srcset=\"http:\/\/xinschool.com\/wp-content\/uploads\/2025\/07\/\u82f1\u6587\u7b80\u7ea6\u6587\u5b57LOGO.png 1191w, http:\/\/xinschool.com\/wp-content\/uploads\/2025\/07\/\u82f1\u6587\u7b80\u7ea6\u6587\u5b57LOGO-300x83.png 300w, http:\/\/xinschool.com\/wp-content\/uploads\/2025\/07\/\u82f1\u6587\u7b80\u7ea6\u6587\u5b57LOGO-1024x285.png 1024w, http:\/\/xinschool.com\/wp-content\/uploads\/2025\/07\/\u82f1\u6587\u7b80\u7ea6\u6587\u5b57LOGO-768x213.png 768w\" sizes=\"auto, (max-width: 1191px) 100vw, 1191px\" \/><\/figure>\n<\/div>\n\n\n<h1 class=\"wp-block-heading has-text-align-center has-medium-font-size\">P\u00f3ngase en contacto con nosotros<\/h1>\n\n\n\n<p class=\"has-text-align-center has-normal-font-size\">Rellene este formulario y nos pondremos en contacto con usted en un plazo de 24 horas.<\/p>\n\n\n<div class=\"wp-block-image\">\n<figure class=\"aligncenter size-full\"><img loading=\"lazy\" decoding=\"async\" width=\"1000\" height=\"656\" src=\"http:\/\/xinschool.com\/wp-content\/uploads\/2025\/07\/\u751f\u6210\u76f8\u5173\u56fe\u7247.jpg\" alt=\"\" class=\"wp-image-5511\" srcset=\"http:\/\/xinschool.com\/wp-content\/uploads\/2025\/07\/\u751f\u6210\u76f8\u5173\u56fe\u7247.jpg 1000w, http:\/\/xinschool.com\/wp-content\/uploads\/2025\/07\/\u751f\u6210\u76f8\u5173\u56fe\u7247-300x197.jpg 300w, http:\/\/xinschool.com\/wp-content\/uploads\/2025\/07\/\u751f\u6210\u76f8\u5173\u56fe\u7247-768x504.jpg 768w\" sizes=\"auto, (max-width: 1000px) 100vw, 1000px\" \/><\/figure>\n<\/div><\/div>\n\n\n\n<div class=\"wp-block-column\" style=\"flex-basis:66.66%\">\n<div class=\"wp-block-themepark-block-themepark-comment thempark-block themepark-comment undefined\" style=\"padding-bottom:20px;padding-top:20px;\"><div class=\"themepark-comment_in\" id=\"ud_form\"><div class=\"themepark-comment_inb2\"><div class=\"themepark-comment_inb\" style=\"\"><div class=\"themepark-comment_form\" style=\"\"><form id=\"commentform-park\" class=\"themepark-c-f\" action=\"http:\/\/xinschool.com\/wp-comments-post.php\" method=\"post\" autocomplete=\"off\" data-trp-original-action=\"http:\/\/xinschool.com\/wp-comments-post.php\"><div class=\"themepark-comment_form_box tptext texttop\" style=\"font-size:16px;\"><lable for=\"tpcommet0\" class=\"required\"><span class=\"labletext\" style=\"\">Nombre y apellidos<span class=\"required\">*<div class=\"required_tishi animated\"><i class=\"fas fa-exclamation-circle\"><\/i><span><\/span><\/div><\/span><\/span><input type=\"text\" id=\"tpcommet0\" name=\"tpcommet0\" size=\"28\" required style=\"color:#666666;border: solid 1px #66666638;\" placeholder=\"\"\/><\/lable><\/div><div class=\"themepark-comment_form_box tptext mail-c texttop\" style=\"font-size:16px;\"><lable for=\"tpcommet1\" class=\"required\"><span class=\"labletext\" style=\"\">Correo electr\u00f3nico<span class=\"required\">*<div class=\"required_tishi animated\"><i class=\"fas fa-exclamation-circle\"><\/i><span><\/span><\/div><\/span><\/span><input type=\"text\" class=\"f-email\" id=\"tpcommet1\" name=\"tpcommet1\" size=\"28\" required style=\"color:#666666;border: solid 1px #66666638;\" placeholder=\"\"\/><\/lable><\/div><div class=\"themepark-comment_form_box tptext texttop\" style=\"font-size:16px;\"><lable for=\"tpcommet2\" class=\"\"><span class=\"labletext\" style=\"\">Tel\u00e9fono\/WhatsApp\/WeChat<\/span><input type=\"text\" id=\"tpcommet2\" name=\"tpcommet2\" size=\"28\" style=\"color:#666666;border: solid 1px #66666638;\" placeholder=\"\"\/><\/lable><\/div><div class=\"themepark-comment_form_box tprideo texttop\" style=\"font-size:16px;\"><lable for=\"tpcommet3\" class=\"rideos\"><span class=\"labletext\" style=\"\">Ciudad Elija el lugar del curso<\/span><lable class=\"rideo\" for=\"tpcommet30\" style=\"color:#666666;border: solid 1px #66666638;\"><input autocomplete=\"off\" type=\"radio\" name=\"tpcommet3\" id=\"tpcommet30\" value=\"Changchun\"\/><span class=\"active\"><i class=\"fas fa-caret-right\"><\/i><\/span>Changchun<\/lable><lable class=\"rideo\" for=\"tpcommet31\" style=\"color:#666666;border: solid 1px #66666638;\"><input autocomplete=\"off\" type=\"radio\" name=\"tpcommet3\" id=\"tpcommet31\" value=\"Online\"\/><span class=\"active\"><i class=\"fas fa-caret-right\"><\/i><\/span>En l\u00ednea<\/lable><lable class=\"rideo\" for=\"tpcommet32\" style=\"color:#666666;border: solid 1px #66666638;\"><input autocomplete=\"off\" type=\"radio\" name=\"tpcommet3\" id=\"tpcommet32\" value=\"Other City\"\/><span class=\"active\"><i class=\"fas fa-caret-right\"><\/i><\/span>Otra ciudad<\/lable><\/lable><\/div><div class=\"themepark-comment_form_box tpcheckbox texttop\" style=\"font-size:16px;\"><lable for=\"tpcommet4\" class=\"checkboxs required\"><span class=\"labletext\" style=\"\">Curso Elija su programa<span class=\"required\">*<div class=\"required_tishi animated\"><i class=\"fas fa-exclamation-circle\"><\/i><span><\/span><\/div><\/span><\/span><lable autocomplete=\"off\" class=\"rideo\" for=\"tpcommet40\" style=\"color:#666666;border: solid 1px #66666638;\"><input type=\"checkbox\" name=\"tpcommet4[]\" id=\"tpcommet40\" value=\"Group Intensive5 days a week 4 classes a day\"\/><span class=\"active\"><i class=\"fas fa-caret-right\"><\/i><\/span>Grupo Intensivo5 d\u00edas a la semana 4 clases al d\u00eda<\/lable><lable autocomplete=\"off\" class=\"rideo\" for=\"tpcommet41\" style=\"color:#666666;border: solid 1px #66666638;\"><input type=\"checkbox\" name=\"tpcommet4[]\" id=\"tpcommet41\" value=\"Group Part-time2 days a week 2 classes a day\"\/><span class=\"active\"><i class=\"fas fa-caret-right\"><\/i><\/span>Grupo Tiempo parcial2 d\u00edas a la semana 2 clases al d\u00eda<\/lable><lable autocomplete=\"off\" class=\"rideo\" for=\"tpcommet42\" style=\"color:#666666;border: solid 1px #66666638;\"><input type=\"checkbox\" name=\"tpcommet4[]\" id=\"tpcommet42\" value=\"PrivateFlexible schedule Private or private group\"\/><span class=\"active\"><i class=\"fas fa-caret-right\"><\/i><\/span>PrivadoHorario flexible Grupo privado o particular<\/lable><lable autocomplete=\"off\" class=\"rideo\" for=\"tpcommet43\" style=\"color:#666666;border: solid 1px #66666638;\"><input type=\"checkbox\" name=\"tpcommet4[]\" id=\"tpcommet43\" value=\"CorporatePrivate &amp; group options Customized content \"\/><span class=\"active\"><i class=\"fas fa-caret-right\"><\/i><\/span>EmpresaOpciones privadas y para grupos Contenido personalizado <\/lable><lable autocomplete=\"off\" class=\"rideo\" for=\"tpcommet44\" style=\"color:#666666;border: solid 1px #66666638;\"><input type=\"checkbox\" name=\"tpcommet4[]\" id=\"tpcommet44\" value=\"CampSummer &amp; Winter Camp For kids &amp; teens\"\/><span class=\"active\"><i class=\"fas fa-caret-right\"><\/i><\/span>CampamentosCampamentos de verano e invierno para ni\u00f1os y adolescentes<\/lable><lable autocomplete=\"off\" class=\"rideo\" for=\"tpcommet45\" style=\"color:#666666;border: solid 1px #66666638;\"><input type=\"checkbox\" name=\"tpcommet4[]\" id=\"tpcommet45\" value=\"OtherOther program, question or inquiry\"\/><span class=\"active\"><i class=\"fas fa-caret-right\"><\/i><\/span>OtroOtro programa, pregunta o consulta<\/lable><\/lable><\/div><div class=\"themepark-comment_form_box tptext texttop\" style=\"font-size:16px;\"><lable for=\"tpcommet5\" class=\"\"><span class=\"labletext\" style=\"\">Nacionalidad<\/span><input type=\"text\" id=\"tpcommet5\" name=\"tpcommet5\" size=\"28\" style=\"color:#666666;border: solid 1px #66666638;\" placeholder=\"\"\/><\/lable><\/div><div class=\"themepark-comment_form_box tpTextarea texttop\" style=\"font-size:16px;\"><lable for=\"tpcommet6\"><span class=\"labletext\" style=\"\">Mensaje<\/span><textarea id=\"tpcommet6\" name=\"tpcommet6\" style=\"color:#666666;border: solid 1px #66666638;\" placeholder=\"\"><\/textarea><\/lable><\/div><div class=\"hiddeninput\"><input name=\"comment_post_ID\" type=\"hidden\" value=\"8\"\/><input name=\"author\" type=\"hidden\" class=\"author\"\/><input name=\"email\" type=\"hidden\" class=\"email\"\/><textarea name=\"comment\" style=\"display:none\" class=\"comment\"><\/textarea><input name=\"themeparklable\" type=\"hidden\" value=\"Full Name|Email|Phone\/WhatsApp\/WeChat|City Choose the course location|Course Choose your program|Nationality|Message\"\/><input name=\"themeparktype\" type=\"hidden\" value=\"text|text2|text|rideo|checkbox|text|Textarea\"\/><input name=\"redirect_to\" type=\"hidden\" value=\"http:\/\/xinschool.com\"\/><input name=\"inquiryid\" type=\"hidden\"\/><input name=\"inquirytime\" type=\"hidden\"\/><input name=\"position\" type=\"hidden\"\/><\/div><div class=\"submut_box texttop\"><span class=\"labletext\"><\/span><input type=\"submit\" class=\"submut_btn\" name=\"submit\" style=\"background:#e5bc4b;\" value=\"Solicitar\"\/><div class=\"tishi\" style=\"\"><div class=\"loading\" style=\"color:#666666;\"><i class=\"fas fa-spinner\"><\/i>\u6b63\u5728\u63d0\u4ea4\uff01<\/div><div class=\"success\" style=\"color:#666666;\"><i class=\"fas fa-check\"><\/i>\u63d0\u4ea4\u6210\u529f\uff01<\/div><div class=\"erro\" style=\"color:#666666;\"><i class=\"fas fa-exclamation-circle\"><\/i>\u63d0\u4ea4\u5931\u8d25\uff01<\/div><div class=\"e-email\">\u90ae\u7bb1\u9519\u8bef\uff01<\/div><div class=\"e-tel\">\u7535\u8bdd\u9519\u8bef\uff01<\/div><\/div><\/div><input type=\"hidden\" name=\"trp-form-language\" value=\"es\"\/><\/form><\/div><div class=\"wp_clear\"><\/div><\/div><div class=\"themepark-comment_in_b\" style=\"opacity:1;undefined0\"><\/div><\/div><\/div><div class=\"wp_clear\"><\/div><\/div>\n<\/div>\n<\/div>\n<\/div>\n<\/div><div class=\"layout_badh\"><\/div><\/section>\n\n\n\n<section class=\"wp-block-themepark-block-themepark-area block_layout thempark-block undefined\" id=\"\" style=\"background-color:#ffffff;\" data-swiper-parallax=\"-700\"><div class=\"block_layout_in\" style=\"\">\n<div class=\"wp-block-column block_layout_in\">\n<p class=\"has-medium-font-size\"><strong>Socios y divulgaci\u00f3n<\/strong><\/p>\n\n\n\n<p class=\"has-normal-font-size\">OPORTUNIDADES DE ASOCIACI\u00d3N<\/p>\n\n\n\n<p><\/p>\n\n\n\n<p><\/p>\n\n\n\n<div class=\"wp-block-themepark-block-themepark-tab thempark-block thempark_tab_box undefined\" style=\"margin-bottom:20px;\" bloop=\"no\" auto=\"no\" mouse=\"click\"><div class=\"content_tab_title\" style=\"\"><div class=\"fidxtab\" style=\"\"><div class=\"btn active\" style=\"\"><span class=\"tabtt\" style=\"\"><i class=\"fas fa fa-\" style=\"\"><\/i>Asociaciones<\/span><\/div><div class=\"btn\" style=\"\"><span class=\"tabtt\" style=\"\"><i class=\"fas fa fa-\" style=\"\"><\/i>Blog y art\u00edculos<\/span><\/div><div class=\"btn\" style=\"\"><span class=\"tabtt\" style=\"\"><i class=\"fas fa fa-\" style=\"\"><\/i>Enlaces de retroceso<\/span><\/div><\/div><\/div><div class=\"swiper-container content_tab_swiper\" style=\"\"><div class=\"swiper-wrapper\">\n<div class=\"wp-block-column ecdorbox0 swiper-slide tap_s-box active\">\n<section class=\"wp-block-themepark-block-themepark-imgtext thempark-block themepark_imgtext undefined\" style=\"\"><div class=\"themepark_imgtext_img\" style=\"width:16%;\" data-swiper-parallax=\"-1800\"><img class=\"lazyload  swiper-lazy swiper-move-lazy\" style=\"\" data-src=\"http:\/\/xinschool.com\/wp-content\/uploads\/2025\/07\/\u672a\u547d\u540d22.png\" alt=\"\"\/><\/div><div class=\"themepark_imgtext_text\" style=\"width:81%;\" data-swiper-parallax=\"-1600\">\n<div class=\"wp-block-column\">\n<div class=\"wp-block-themepark-block-themepark-wright content-super-p\" style=\"font-size:16px;line-height:32px;padding:10px 10px;\">\n<div class=\"wp-block-column\">\n<p>A lo largo de los a\u00f1os hemos trabajado con muchas empresas para promover la ense\u00f1anza del chino.<\/p>\n\n\n\n<p>Para actividades relacionadas con los medios de comunicaci\u00f3n, asociaciones y marketing, p\u00f3ngase en contacto con nosotros:<\/p>\n\n\n\n<p>(+86) 0431 8193 8896 | <a href=\"mailTo:marketing@thatsmandarin.com\">kiven@xinedu.cc<\/a><\/p>\n<\/div>\n<\/div>\n<\/div>\n<\/div><div class=\"themepark_imgtext_ba\" style=\"opacity:1;\"><\/div><\/section>\n<\/div>\n\n\n\n<div class=\"wp-block-column ecdorbox1 swiper-slide tap_s-box\">\n<section class=\"wp-block-themepark-block-themepark-imgtext thempark-block themepark_imgtext undefined\" style=\"\"><div class=\"themepark_imgtext_img\" style=\"width:16%;\" data-swiper-parallax=\"-1800\"><img class=\"lazyload  swiper-lazy swiper-move-lazy\" style=\"\" data-src=\"http:\/\/xinschool.com\/wp-content\/uploads\/2025\/07\/\u672a\u547d\u540d22-2.png\" alt=\"\"\/><\/div><div class=\"themepark_imgtext_text\" style=\"width:81%;\" data-swiper-parallax=\"-1600\">\n<div class=\"wp-block-column\">\n<div class=\"wp-block-themepark-block-themepark-wright content-super-p\" style=\"font-size:16px;line-height:32px;padding:10px 10px;\">\n<div class=\"wp-block-column\">\n<p>Te invitamos a escribir en nuestro blog sobre temas relacionados con China, la lengua y la cultura chinas. A cambio, ofrecemos clases gratuitas a nuestros alumnos e intercambio de enlaces para nuestros socios. Para m\u00e1s detalles, p\u00f3ngase en contacto con nosotros en <a href=\"mailTo:marketing@thatsmandarin.com\">candy@xinedu.cc<\/a><\/p>\n\n\n\n<p>(+86) 0431 8193 8896 | <a href=\"mailTo:marketing@thatsmandarin.com\">candy@xinedu.cc<\/a><\/p>\n<\/div>\n<\/div>\n<\/div>\n<\/div><div class=\"themepark_imgtext_ba\" style=\"opacity:1;\"><\/div><\/section>\n<\/div>\n\n\n\n<div class=\"wp-block-column ecdorbox2 swiper-slide tap_s-box\">\n<section class=\"wp-block-themepark-block-themepark-imgtext thempark-block themepark_imgtext undefined\" style=\"\"><div class=\"themepark_imgtext_img\" style=\"width:16%;\" data-swiper-parallax=\"-1800\"><img class=\"lazyload  swiper-lazy swiper-move-lazy\" style=\"\" data-src=\"http:\/\/xinschool.com\/wp-content\/uploads\/2025\/07\/\u6444\u56fe\u7f51_400209217_\u7535\u8111\u4ec5\u4ea4\u6d41\u5b66\u4e60\u4f7f\u7528-2.png\" alt=\"\"\/><\/div><div class=\"themepark_imgtext_text\" style=\"width:81%;\" data-swiper-parallax=\"-1600\">\n<div class=\"wp-block-column\">\n<div class=\"wp-block-themepark-block-themepark-wright content-super-p\" style=\"font-size:16px;line-height:32px;padding:10px 10px;\">\n<div class=\"wp-block-column\">\n<p>Tambi\u00e9n invitamos a nuestros socios en l\u00ednea a intercambiar enlaces con nosotros. Si su sitio web est\u00e1 relacionado con el aprendizaje del chino, el aprendizaje de lenguas extranjeras o el estilo de vida y la cultura chinos, estaremos encantados de colaborar en el intercambio de enlaces con el sitio web de su empresa. Para ello, siga estos sencillos pasos y p\u00f3ngase en contacto con nosotros en kiven@xinedu.cc.<\/p>\n\n\n\n<p>(+86) 0431 8193 8896 | <a href=\"mailTo:marketing@thatsmandarin.com\">kiven@xinedu.cc<\/a><\/p>\n<\/div>\n<\/div>\n<\/div>\n<\/div><div class=\"themepark_imgtext_ba\" style=\"opacity:1;\"><\/div><\/section>\n<\/div>\n<\/div><\/div><div class=\"tabbottomb\"><\/div><\/div>\n<\/div>\n<\/div><div class=\"layout_badh\"><\/div><\/section>\n\n\n\n<p><\/p>","protected":false},"excerpt":{"rendered":"","protected":false},"author":1,"featured_media":0,"parent":0,"menu_order":0,"comment_status":"open","ping_status":"closed","template":"","meta":{"themepark_post_bcolor":"#f5f5f5","themepark_post_width":"100% dong","themepark_post_img":"","themepark_post_img_po":"left","themepark_post_img_re":false,"themepark_post_img_cover":false,"themepark_post_img_fixed":false,"themepark_post_hide_title":true,"themepark_post_main_b":"","themepark_post_main_p":100,"themepark_paddingblock":true,"footnotes":""},"class_list":["post-8","page","type-page","status-publish","hentry"],"_links":{"self":[{"href":"http:\/\/xinschool.com\/es\/wp-json\/wp\/v2\/pages\/8","targetHints":{"allow":["GET"]}}],"collection":[{"href":"http:\/\/xinschool.com\/es\/wp-json\/wp\/v2\/pages"}],"about":[{"href":"http:\/\/xinschool.com\/es\/wp-json\/wp\/v2\/types\/page"}],"author":[{"embeddable":true,"href":"http:\/\/xinschool.com\/es\/wp-json\/wp\/v2\/users\/1"}],"replies":[{"embeddable":true,"href":"http:\/\/xinschool.com\/es\/wp-json\/wp\/v2\/comments?post=8"}],"version-history":[{"count":8,"href":"http:\/\/xinschool.com\/es\/wp-json\/wp\/v2\/pages\/8\/revisions"}],"predecessor-version":[{"id":5515,"href":"http:\/\/xinschool.com\/es\/wp-json\/wp\/v2\/pages\/8\/revisions\/5515"}],"wp:attachment":[{"href":"http:\/\/xinschool.com\/es\/wp-json\/wp\/v2\/media?parent=8"}],"curies":[{"name":"wp","href":"https:\/\/api.w.org\/{rel}","templated":true}]}}